{"id":8997,"date":"2017-04-21T22:01:50","date_gmt":"2017-04-21T20:01:50","guid":{"rendered":"https:\/\/ilmondodiadriano.it\/?page_id=8997&#038;lang=en"},"modified":"2017-05-02T10:23:27","modified_gmt":"2017-05-02T08:23:27","slug":"involvement","status":"publish","type":"page","link":"https:\/\/ilmondodiadriano.it\/eng\/involvement\/","title":{"rendered":"INVOLVEMENT"},"content":{"rendered":"[vc_row vertical_align=&#8221;middle&#8221; padding_size=&#8221;m-padding&#8221;][vc_column width=&#8221;1\/2&#8243;][vc_row_inner overlap=&#8221;left&#8221; overlap_distance=&#8221;60px&#8221; overlap_index=&#8221;50&#8243;][vc_column_inner][vc_custom_heading text=&#8221;A&#8221; font_container=&#8221;tag:h2|font_size:150px|text_align:left|color:%23eded04|line_height:150px&#8221;][\/vc_column_inner][\/vc_row_inner][vc_row_inner overlap=&#8221;top&#8221; overlap_index=&#8221;50&#8243;][vc_column_inner][vc_custom_heading text=&#8221;Adriano Celentano&#8221; google_fonts=&#8221;font_family:Montserrat%3Aregular%2C700|font_style:700%20bold%20regular%3A700%3Anormal&#8221;][vc_empty_space][vc_column_text]<em>by Mariuccia Ciotta<\/em><\/p>\n<p>\u201cCelentano tries new languages that go against the rules while searching for a new beauty because his social commitment is an extension of his being a militant aesthete. A galvanizer and a relentless fighter against the destruction of our planet, he stirs the members of his audience by hypnotizing them with a different kind of political speech. This explains why, besides his record-breaking records sales, his other great success is that of the activist for an \u201cenvironmental city\u201d. His television and press appearances were decisive for the success of the referendums against the privatization of water, against nuclear plants and for judicial immunity. He had an important role also in stopping the \u201ccement tsunami\u201d from engulfing Milan. That feeling that he harbors from the start of his career is present in his earliest works that were ahead of their time, from his 1972 song \u201cI Mali del Secolo&#8221; to 2008\u2019s \u201cSognando Chernobyl,\u201d which was released just before the disaster of Fukushima. He has received international recognition not only for having innovated Italian music but also for his fight to protect trees and the beauty of civilization.\u201d[\/vc_column_text][vc_empty_space][\/vc_column_inner][\/vc_row_inner][\/vc_column][vc_column width=&#8221;1\/2&#8243;][vc_single_image image=&#8221;8691&#8243;][\/vc_column][\/vc_row][vc_row vertical_align=&#8221;middle&#8221; padding_size=&#8221;m-padding&#8221;][vc_column width=&#8221;1\/2&#8243;][vc_video media_url=&#8221;https:\/\/www.youtube.com\/watch?v=ujTO_ik33VA&#8221;][\/vc_column][vc_column width=&#8221;1\/2&#8243;][vc_row_inner overlap=&#8221;left&#8221; overlap_distance=&#8221;60px&#8221; overlap_index=&#8221;50&#8243;][vc_column_inner][vc_custom_heading text=&#8221;Q&#8221; font_container=&#8221;tag:h2|font_size:150px|text_align:left|color:%23eded04|line_height:150px&#8221;][\/vc_column_inner][\/vc_row_inner][vc_row_inner overlap=&#8221;top&#8221; overlap_index=&#8221;50&#8243;][vc_column_inner][vc_custom_heading text=&#8221;Quel Casinha&#8221; google_fonts=&#8221;font_family:Montserrat%3Aregular%2C700|font_style:700%20bold%20regular%3A700%3Anormal&#8221;][vc_empty_space][vc_column_text]Il Ragazzo della Via Gluck translated in Portuguese and performed by Adriano Celentano and the great Cesaria Evora.[\/vc_column_text][vc_empty_space][\/vc_column_inner][\/vc_row_inner][\/vc_column][\/vc_row][vc_row vertical_align=&#8221;middle&#8221; padding_size=&#8221;m-padding&#8221;][vc_column width=&#8221;1\/2&#8243;][vc_row_inner overlap=&#8221;left&#8221; overlap_distance=&#8221;60px&#8221; overlap_index=&#8221;50&#8243;][vc_column_inner][vc_custom_heading text=&#8221;S&#8221; font_container=&#8221;tag:h2|font_size:150px|text_align:left|color:%23eded04|line_height:150px&#8221;][\/vc_column_inner][\/vc_row_inner][vc_row_inner overlap=&#8221;top&#8221; overlap_index=&#8221;50&#8243;][vc_column_inner][vc_custom_heading text=&#8221;Sognando Chernobyl&#8221; google_fonts=&#8221;font_family:Montserrat%3Aregular%2C700|font_style:700%20bold%20regular%3A700%3Anormal&#8221;][vc_empty_space][vc_column_text](From <em>L\u2019animale<\/em>, 2008)<\/p>\n<p>\u2026 We\u2019re all going to blow up, boom!<br \/>\nWe\u2019ll all finally be able to breathe without those gases<br \/>\nWhich have poisoned us, without the nuclear waste<br \/>\nThat will bring cancer in our homes in the name<br \/>\nOf free trade and globalization<br \/>\nDreaming Chernobyl\u2026[\/vc_column_text][vc_empty_space][\/vc_column_inner][\/vc_row_inner][\/vc_column][vc_column width=&#8221;1\/2&#8243;][vc_video media_url=&#8221;https:\/\/youtu.be\/YotZMVBVWc8&#8243;][\/vc_column][\/vc_row][vc_row vertical_align=&#8221;middle&#8221; padding_size=&#8221;m-padding&#8221;][vc_column][vc_row_inner overlap=&#8221;left&#8221; overlap_distance=&#8221;60px&#8221; overlap_index=&#8221;50&#8243;][vc_column_inner][vc_custom_heading text=&#8221;I&#8221; font_container=&#8221;tag:h2|font_size:150px|text_align:left|color:%23eded04|line_height:150px&#8221;][\/vc_column_inner][\/vc_row_inner][vc_row_inner overlap=&#8221;top&#8221; overlap_index=&#8221;50&#8243;][vc_column_inner][vc_custom_heading text=&#8221;Il mutuo&#8221; google_fonts=&#8221;font_family:Montserrat%3Aregular%2C700|font_style:700%20bold%20regular%3A700%3Anormal&#8221;][vc_single_image image=&#8221;8815&#8243;][vc_empty_space][\/vc_column_inner][\/vc_row_inner][\/vc_column][\/vc_row][vc_row vertical_align=&#8221;middle&#8221; padding_size=&#8221;m-padding&#8221;][vc_column width=&#8221;1\/2&#8243;][vc_row_inner overlap=&#8221;left&#8221; overlap_distance=&#8221;60px&#8221; overlap_index=&#8221;50&#8243;][vc_column_inner][vc_custom_heading text=&#8221;L&#8221; font_container=&#8221;tag:h2|font_size:150px|text_align:left|color:%23eded04|line_height:150px&#8221;][\/vc_column_inner][\/vc_row_inner][vc_row_inner overlap=&#8221;top&#8221; overlap_index=&#8221;50&#8243;][vc_column_inner][vc_custom_heading text=&#8221;La pubblica ottusit\u00e0&#8221; google_fonts=&#8221;font_family:Montserrat%3Aregular%2C700|font_style:700%20bold%20regular%3A700%3Anormal&#8221;][vc_empty_space][vc_column_text]Adriano Celentano performs La Pubblica Ottusit\u00e0.[\/vc_column_text][vc_empty_space][\/vc_column_inner][\/vc_row_inner][\/vc_column][vc_column width=&#8221;1\/2&#8243;][vc_video media_url=&#8221;https:\/\/youtu.be\/7h2Q8CC-jpA&#8221;][\/vc_column][\/vc_row][vc_row padding_size=&#8221;m-padding&#8221;][vc_column width=&#8221;1\/2&#8243;][vc_single_image image=&#8221;8694&#8243;][\/vc_column][vc_column width=&#8221;1\/2&#8243;][vc_row_inner overlap=&#8221;left&#8221; overlap_distance=&#8221;60px&#8221; overlap_index=&#8221;50&#8243;][vc_column_inner][vc_custom_heading text=&#8221;L&#8221; font_container=&#8221;tag:h2|font_size:150px|text_align:left|color:%23eded04|line_height:150px&#8221;][\/vc_column_inner][\/vc_row_inner][vc_row_inner overlap=&#8221;top&#8221; overlap_index=&#8221;50&#8243;][vc_column_inner][vc_custom_heading text=&#8221;Lettera a Il Fatto Quotidiano&#8221; google_fonts=&#8221;font_family:Montserrat%3Aregular%2C700|font_style:700%20bold%20regular%3A700%3Anormal&#8221;][vc_empty_space][vc_column_text]29 aprile 2011<\/p>\n<p>Caro direttore, ma soprattutto cari STUDENTI, comunisti, fascisti, leghisti e operai costretti a lavorare nell\u2019insicurezza. Come avrete letto su tutte le prime pagine dei giornali, il governo non demorde. Continua, sfidando l\u2019intelligenza anche di chi lo ha votato, nella sua DEMONIACA voglia di avvelenare gli italiani. Gli unici che, fino a prova contraria, hanno saputo distinguersi da tutti gli altri popoli IMBECILLI per aver avuto, gi\u00e0 24 anni fa, la saggia intuizione di dire NO alla\u00a0bevanda radioattiva\u00a0che, in nome di quel \u201cbenessere\u201d tanto sbandierato da Berlusconi, ti uccide in cambio di un voto contro la VITA.<\/p>\n<p><a href=\"https:\/\/ilmondodiadriano.it\/lettera-al-quotidiano\/\" target=\"_blank\"><span style=\"text-decoration: underline;\">CONTINUA<\/span><\/a>[\/vc_column_text][vc_empty_space][\/vc_column_inner][\/vc_row_inner][\/vc_column][\/vc_row][vc_row vertical_align=&#8221;middle&#8221; padding_size=&#8221;m-padding&#8221;][vc_column width=&#8221;1\/2&#8243;][vc_row_inner overlap=&#8221;left&#8221; overlap_distance=&#8221;60px&#8221; overlap_index=&#8221;50&#8243;][vc_column_inner][vc_custom_heading text=&#8221;U&#8221; font_container=&#8221;tag:h2|font_size:150px|text_align:left|color:%23eded04|line_height:150px&#8221;][\/vc_column_inner][\/vc_row_inner][vc_row_inner overlap=&#8221;top&#8221; overlap_index=&#8221;50&#8243;][vc_column_inner][vc_custom_heading text=&#8221;Un albero di trenta piani&#8221; google_fonts=&#8221;font_family:Montserrat%3Aregular%2C700|font_style:700%20bold%20regular%3A700%3Anormal&#8221;][vc_empty_space][vc_column_text](from\u00a0<em>I mali del secolo<\/em>, 1972)<\/p>\n<p>Per la tua mania<br \/>\ndi vivere<br \/>\nin una citt\u00e0<br \/>\nguarda bene come ci ha<br \/>\nconciati<br \/>\nla metropoli.<br \/>\nBelli come noi<br \/>\nben pochi sai<br \/>\nce n&#8217;erano<br \/>\ne dicevano<br \/>\nquelli vengono dalla campagna.<br \/>\nMa ridevano<br \/>\nsi spanciavano<br \/>\ngi\u00e0 sapevano<br \/>\nche saremmo ben presto anche noi diventati<br \/>\ncome loro.<br \/>\nTutti grigi<br \/>\ncome grattacieli con la faccia di cera<br \/>\ncon la faccia di cera<br \/>\n\u00e8 la legge di questa atmosfera<br \/>\nche sfuggire non puoi<br \/>\nfino a quando tu vivi in citt\u00e0.<br \/>\nNuda sulla pianta<br \/>\nprendevi<br \/>\nil sole con me<br \/>\ne cantavano per noi<br \/>\nsui rami le allodole.<br \/>\nOra invece qui[\/vc_column_text][vc_empty_space][\/vc_column_inner][\/vc_row_inner][\/vc_column][vc_column width=&#8221;1\/2&#8243;][vc_single_image image=&#8221;6888&#8243;][vc_empty_space][vc_column_text]nella citt\u00e0<br \/>\ni motori<br \/>\ndelle macchine<br \/>\ngi\u00e0 ci cantano la marcia funebre.<br \/>\nE le fabbriche<br \/>\nci profumano anche l&#8217;aria<br \/>\ncolorandoci il cielo di nero che odora di morte.<br \/>\nMa il Comune<br \/>\ndice che per\u00f2 la citt\u00e0 \u00e8 moderna<br \/>\nnon ci devi far caso<br \/>\nse il cemento ti chiude anche il naso,<br \/>\nla nevrosi \u00e8 di moda:<br \/>\nchi non l&#8217;ha ripudiato sar\u00e0.<br \/>\nAhia. non respiro pi\u00f9,<br \/>\nmi sento<br \/>\nche soffoco un po&#8217;,<br \/>\nsento il fiato, che va gi\u00f9,<br \/>\nva gi\u00f9 e non viene su,<br \/>\nvedo solo che<br \/>\nqualcosa sta nascendo&#8230; forse \u00e8 un albero s\u00ec \u00e8 un albero di trenta piani.[\/vc_column_text][\/vc_column][\/vc_row][vc_row vertical_align=&#8221;middle&#8221; padding_size=&#8221;m-padding&#8221;][vc_column width=&#8221;1\/2&#8243;][vc_video media_url=&#8221;https:\/\/youtu.be\/BAjcR2u3s_E&#8221;][\/vc_column][vc_column width=&#8221;1\/2&#8243;][vc_row_inner overlap=&#8221;left&#8221; overlap_distance=&#8221;60px&#8221; overlap_index=&#8221;50&#8243;][vc_column_inner][vc_custom_heading text=&#8221;I&#8221; font_container=&#8221;tag:h2|font_size:150px|text_align:left|color:%23eded04|line_height:150px&#8221;][\/vc_column_inner][\/vc_row_inner][vc_row_inner overlap=&#8221;top&#8221; overlap_index=&#8221;50&#8243;][vc_column_inner][vc_custom_heading text=&#8221;I passi che facciamo&#8221; google_fonts=&#8221;font_family:Montserrat%3Aregular%2C700|font_style:700%20bold%20regular%3A700%3Anormal&#8221;][vc_empty_space][vc_column_text](from\u00a0<em>Per sempre<\/em>, 2002)[\/vc_column_text][vc_empty_space][\/vc_column_inner][\/vc_row_inner][\/vc_column][\/vc_row][vc_row vertical_align=&#8221;middle&#8221; padding_size=&#8221;m-padding&#8221;][vc_column][vc_row_inner overlap=&#8221;left&#8221; overlap_distance=&#8221;60px&#8221; overlap_index=&#8221;50&#8243;][vc_column_inner][vc_custom_heading text=&#8221;D&#8221; font_container=&#8221;tag:h2|font_size:150px|text_align:left|color:%23eded04|line_height:150px&#8221;][\/vc_column_inner][\/vc_row_inner][vc_row_inner overlap=&#8221;top&#8221; overlap_index=&#8221;50&#8243;][vc_column_inner][vc_custom_heading text=&#8221;Dolly&#8221; google_fonts=&#8221;font_family:Montserrat%3Aregular%2C700|font_style:700%20bold%20regular%3A700%3Anormal&#8221;][vc_single_image image=&#8221;8817&#8243;][vc_empty_space][\/vc_column_inner][\/vc_row_inner][\/vc_column][\/vc_row][vc_row vertical_align=&#8221;middle&#8221; padding_size=&#8221;m-padding&#8221;][vc_column width=&#8221;1\/2&#8243;][vc_video media_url=&#8221;https:\/\/youtu.be\/Nkt83ykakOw&#8221;][\/vc_column][vc_column width=&#8221;1\/2&#8243;][vc_row_inner overlap=&#8221;left&#8221; overlap_distance=&#8221;60px&#8221; overlap_index=&#8221;50&#8243;][vc_column_inner][vc_custom_heading text=&#8221;M&#8221; font_container=&#8221;tag:h2|font_size:150px|text_align:left|color:%23eded04|line_height:150px&#8221;][\/vc_column_inner][\/vc_row_inner][vc_row_inner overlap=&#8221;top&#8221; overlap_index=&#8221;50&#8243;][vc_column_inner][vc_custom_heading text=&#8221;Mondo in Mi 7&#8243; google_fonts=&#8221;font_family:Montserrat%3Aregular%2C700|font_style:700%20bold%20regular%3A700%3Anormal&#8221;][vc_empty_space][vc_column_text](from\u00a0<em>Le robe che ha detto Adriano<\/em>, 1969)<\/p>\n<p>Prendo il giornale e leggo che<br \/>\ndi giusti al mondo non ce n\u2019\u00e8.<br \/>\nCome mai il mondo \u00e8 cos\u00ec brutto?<br \/>\nS\u00ec! Siamo stati noi a rovinare<br \/>\nquesto capolavoro sospeso nel cielo,<br \/>\nnel cielo, nel cielo!<br \/>\nAhi ahi ahi ahi ! Ahi ahi ahi ahi ! Ahi ahi<br \/>\nAhi ahi ahi ahi ahi ahi ahi!<\/p>\n<p>Leggo che sulla terra<br \/>\nsempre c\u2019\u00e8 una guerra,<br \/>\nma per\u00f2, per fortuna,<br \/>\nstiamo arrivando sulla luna<br \/>\nmentre qui c\u2019\u00e8 la fame, c\u2019\u00e8 la fame!<br \/>\nAhi ahi ahi! Ahi ahi ahi! Ahi ahi ahi ahi ahi!<br \/>\nAhi ahi ahi !Ahi ahi ahi!<\/p>\n<p>Ogni atomica \u00e8 una boccia<br \/>\ne i birilli son l\u2019umanit\u00e0&#8230;<br \/>\nIl capriccio di un capoccia<br \/>\ned il mondo in aria salter\u00e0!<br \/>\nSi rapina il luned\u00ec,<br \/>\nci si ammazza gli altri d\u00ec<br \/>\nguarda un po\u2019 che societ\u00e0!<br \/>\nIpocrisia, qua e l\u00e0.. non va!<br \/>\nNon esiste morale,<br \/>\nc\u2019\u00e8 per tutti un complesso,<br \/>\nun problema del sesso,<br \/>\ne le persone serie<br \/>\nche non raccontano storie<br \/>\nle han spedite in ferie!<br \/>\nQuesta terra \u00e8 il monopolio<br \/>\ndelle idee sbagliate,<br \/>\nqui si premiano quei films<br \/>\ndove c\u2019\u00e8 un morto in pi\u00f9,<br \/>\nsi divorano i romanzi con il vizio a rate,<br \/>\nc\u2019\u00e8 perfino corruzione dove c\u2019\u00e8 lo sport.<\/p>\n<p>Parlato:<br \/>\nNo&#8230; ragazzi&#8230; ma non rattristatevi cos\u00ec.<br \/>\nIco, perch\u00e9 piangi?<br \/>\nEh&#8230; allora staremo freschi se nel mondo succedessero tutte queste cose.<br \/>\nE poi, lo sapete anche voi, no&#8230;<br \/>\n&#8230;i giornali qualche volta, esagerano \u201csempre\u201d un po\u2019.<br \/>\nGuardate quello che scrivono su di me.<br \/>\nE poi, se andiamo a guardare,<br \/>\nquesto giornale chiss\u00e0 di quanti anni \u00e8.<br \/>\nAnzi, adesso voglio proprio guardare la data&#8230;<br \/>\n&#8230;\u00e8 di oggi.<\/p>\n<p>E se noi, tutti insieme,<br \/>\nin un \u201cclan\u201d ci uniremo,<br \/>\ncambier\u00e0 questo mondo<br \/>\nse noi daremo una mano<br \/>\na chi ha pi\u00f9 bisogno,<br \/>\nci sar\u00e0 solo amore, solo amore,<br \/>\nci sar\u00e0 solo amore.[\/vc_column_text][vc_empty_space][\/vc_column_inner][\/vc_row_inner][\/vc_column][\/vc_row]\n","protected":false},"excerpt":{"rendered":"<p>[vc_row vertical_align=&#8221;middle&#8221; padding_size=&#8221;m-padding&#8221;][vc_column width=&#8221;1\/2&#8243;][vc_row_inner overlap=&#8221;left&#8221; overlap_distance=&#8221;60px&#8221; overlap_index=&#8221;50&#8243;][vc_column_inner][vc_custom_heading text=&#8221;A&#8221; font_container=&#8221;tag:h2|font_size:150px|text_align:left|color:%23eded04|line_height:150px&#8221;][\/vc_column_inner][\/vc_row_inner][vc_row_inner overlap=&#8221;top&#8221; overlap_index=&#8221;50&#8243;][vc_column_inner][vc_custom_heading text=&#8221;Adriano Celentano&#8221; google_fonts=&#8221;font_family:Montserrat%3Aregular%2C700|font_style:700%20bold%20regular%3A700%3Anormal&#8221;][vc_empty_space][vc_column_text]by Mariuccia Ciotta \u201cCelentano tries new languages that go against the rules while searching for a new beauty because his social commitment is an extension of his being a militant aesthete. A galvanizer and a relentless fighter against the destruction of our [&hellip;]<\/p>\n","protected":false},"author":8,"featured_media":0,"parent":0,"menu_order":0,"comment_status":"closed","ping_status":"closed","template":"","meta":{"footnotes":""},"class_list":["post-8997","page","type-page","status-publish","hentry"],"yoast_head":"<!-- This site is optimized with the Yoast SEO plugin v26.8 - https:\/\/yoast.com\/product\/yoast-seo-wordpress\/ -->\n<title>INVOLVEMENT - Il Mondo di Adriano<\/title>\n<meta name=\"robots\" content=\"index, follow, max-snippet:-1, max-image-preview:large, max-video-preview:-1\" \/>\n<link rel=\"canonical\" href=\"https:\/\/ilmondodiadriano.it\/eng\/involvement\/\" \/>\n<meta property=\"og:locale\" content=\"en_US\" \/>\n<meta property=\"og:type\" content=\"article\" \/>\n<meta property=\"og:title\" content=\"INVOLVEMENT - Il Mondo di Adriano\" \/>\n<meta property=\"og:description\" content=\"[vc_row vertical_align=&#8221;middle&#8221; padding_size=&#8221;m-padding&#8221;][vc_column width=&#8221;1\/2&#8243;][vc_row_inner overlap=&#8221;left&#8221; overlap_distance=&#8221;60px&#8221; overlap_index=&#8221;50&#8243;][vc_column_inner][vc_custom_heading text=&#8221;A&#8221; font_container=&#8221;tag:h2|font_size:150px|text_align:left|color:%23eded04|line_height:150px&#8221;][\/vc_column_inner][\/vc_row_inner][vc_row_inner overlap=&#8221;top&#8221; overlap_index=&#8221;50&#8243;][vc_column_inner][vc_custom_heading text=&#8221;Adriano Celentano&#8221; google_fonts=&#8221;font_family:Montserrat%3Aregular%2C700|font_style:700%20bold%20regular%3A700%3Anormal&#8221;][vc_empty_space][vc_column_text]by Mariuccia Ciotta \u201cCelentano tries new languages that go against the rules while searching for a new beauty because his social commitment is an extension of his being a militant aesthete. A galvanizer and a relentless fighter against the destruction of our [&hellip;]\" \/>\n<meta property=\"og:url\" content=\"https:\/\/ilmondodiadriano.it\/eng\/involvement\/\" \/>\n<meta property=\"og:site_name\" content=\"Il Mondo di Adriano\" \/>\n<meta property=\"article:modified_time\" content=\"2017-05-02T08:23:27+00:00\" \/>\n<meta name=\"twitter:card\" content=\"summary_large_image\" \/>\n<meta name=\"twitter:label1\" content=\"Est. reading time\" \/>\n\t<meta name=\"twitter:data1\" content=\"10 minutes\" \/>\n<script type=\"application\/ld+json\" class=\"yoast-schema-graph\">{\"@context\":\"https:\/\/schema.org\",\"@graph\":[{\"@type\":\"WebPage\",\"@id\":\"https:\/\/ilmondodiadriano.it\/eng\/involvement\/\",\"url\":\"https:\/\/ilmondodiadriano.it\/eng\/involvement\/\",\"name\":\"INVOLVEMENT - Il Mondo di Adriano\",\"isPartOf\":{\"@id\":\"https:\/\/ilmondodiadriano.it\/eng\/#website\"},\"datePublished\":\"2017-04-21T20:01:50+00:00\",\"dateModified\":\"2017-05-02T08:23:27+00:00\",\"breadcrumb\":{\"@id\":\"https:\/\/ilmondodiadriano.it\/eng\/involvement\/#breadcrumb\"},\"inLanguage\":\"en-US\",\"potentialAction\":[{\"@type\":\"ReadAction\",\"target\":[\"https:\/\/ilmondodiadriano.it\/eng\/involvement\/\"]}]},{\"@type\":\"BreadcrumbList\",\"@id\":\"https:\/\/ilmondodiadriano.it\/eng\/involvement\/#breadcrumb\",\"itemListElement\":[{\"@type\":\"ListItem\",\"position\":1,\"name\":\"Home\",\"item\":\"https:\/\/ilmondodiadriano.it\/eng\/\"},{\"@type\":\"ListItem\",\"position\":2,\"name\":\"INVOLVEMENT\"}]},{\"@type\":\"WebSite\",\"@id\":\"https:\/\/ilmondodiadriano.it\/eng\/#website\",\"url\":\"https:\/\/ilmondodiadriano.it\/eng\/\",\"name\":\"Il Mondo di Adriano\",\"description\":\"The official Adriano Celentano website\",\"potentialAction\":[{\"@type\":\"SearchAction\",\"target\":{\"@type\":\"EntryPoint\",\"urlTemplate\":\"https:\/\/ilmondodiadriano.it\/eng\/?s={search_term_string}\"},\"query-input\":{\"@type\":\"PropertyValueSpecification\",\"valueRequired\":true,\"valueName\":\"search_term_string\"}}],\"inLanguage\":\"en-US\"}]}<\/script>\n<!-- \/ Yoast SEO plugin. -->","yoast_head_json":{"title":"INVOLVEMENT - Il Mondo di Adriano","robots":{"index":"index","follow":"follow","max-snippet":"max-snippet:-1","max-image-preview":"max-image-preview:large","max-video-preview":"max-video-preview:-1"},"canonical":"https:\/\/ilmondodiadriano.it\/eng\/involvement\/","og_locale":"en_US","og_type":"article","og_title":"INVOLVEMENT - Il Mondo di Adriano","og_description":"[vc_row vertical_align=&#8221;middle&#8221; padding_size=&#8221;m-padding&#8221;][vc_column width=&#8221;1\/2&#8243;][vc_row_inner overlap=&#8221;left&#8221; overlap_distance=&#8221;60px&#8221; overlap_index=&#8221;50&#8243;][vc_column_inner][vc_custom_heading text=&#8221;A&#8221; font_container=&#8221;tag:h2|font_size:150px|text_align:left|color:%23eded04|line_height:150px&#8221;][\/vc_column_inner][\/vc_row_inner][vc_row_inner overlap=&#8221;top&#8221; overlap_index=&#8221;50&#8243;][vc_column_inner][vc_custom_heading text=&#8221;Adriano Celentano&#8221; google_fonts=&#8221;font_family:Montserrat%3Aregular%2C700|font_style:700%20bold%20regular%3A700%3Anormal&#8221;][vc_empty_space][vc_column_text]by Mariuccia Ciotta \u201cCelentano tries new languages that go against the rules while searching for a new beauty because his social commitment is an extension of his being a militant aesthete. A galvanizer and a relentless fighter against the destruction of our [&hellip;]","og_url":"https:\/\/ilmondodiadriano.it\/eng\/involvement\/","og_site_name":"Il Mondo di Adriano","article_modified_time":"2017-05-02T08:23:27+00:00","twitter_card":"summary_large_image","twitter_misc":{"Est. reading time":"10 minutes"},"schema":{"@context":"https:\/\/schema.org","@graph":[{"@type":"WebPage","@id":"https:\/\/ilmondodiadriano.it\/eng\/involvement\/","url":"https:\/\/ilmondodiadriano.it\/eng\/involvement\/","name":"INVOLVEMENT - Il Mondo di Adriano","isPartOf":{"@id":"https:\/\/ilmondodiadriano.it\/eng\/#website"},"datePublished":"2017-04-21T20:01:50+00:00","dateModified":"2017-05-02T08:23:27+00:00","breadcrumb":{"@id":"https:\/\/ilmondodiadriano.it\/eng\/involvement\/#breadcrumb"},"inLanguage":"en-US","potentialAction":[{"@type":"ReadAction","target":["https:\/\/ilmondodiadriano.it\/eng\/involvement\/"]}]},{"@type":"BreadcrumbList","@id":"https:\/\/ilmondodiadriano.it\/eng\/involvement\/#breadcrumb","itemListElement":[{"@type":"ListItem","position":1,"name":"Home","item":"https:\/\/ilmondodiadriano.it\/eng\/"},{"@type":"ListItem","position":2,"name":"INVOLVEMENT"}]},{"@type":"WebSite","@id":"https:\/\/ilmondodiadriano.it\/eng\/#website","url":"https:\/\/ilmondodiadriano.it\/eng\/","name":"Il Mondo di Adriano","description":"The official Adriano Celentano website","potentialAction":[{"@type":"SearchAction","target":{"@type":"EntryPoint","urlTemplate":"https:\/\/ilmondodiadriano.it\/eng\/?s={search_term_string}"},"query-input":{"@type":"PropertyValueSpecification","valueRequired":true,"valueName":"search_term_string"}}],"inLanguage":"en-US"}]}},"_links":{"self":[{"href":"https:\/\/ilmondodiadriano.it\/eng\/wp-json\/wp\/v2\/pages\/8997","targetHints":{"allow":["GET"]}}],"collection":[{"href":"https:\/\/ilmondodiadriano.it\/eng\/wp-json\/wp\/v2\/pages"}],"about":[{"href":"https:\/\/ilmondodiadriano.it\/eng\/wp-json\/wp\/v2\/types\/page"}],"author":[{"embeddable":true,"href":"https:\/\/ilmondodiadriano.it\/eng\/wp-json\/wp\/v2\/users\/8"}],"replies":[{"embeddable":true,"href":"https:\/\/ilmondodiadriano.it\/eng\/wp-json\/wp\/v2\/comments?post=8997"}],"version-history":[{"count":2,"href":"https:\/\/ilmondodiadriano.it\/eng\/wp-json\/wp\/v2\/pages\/8997\/revisions"}],"predecessor-version":[{"id":9140,"href":"https:\/\/ilmondodiadriano.it\/eng\/wp-json\/wp\/v2\/pages\/8997\/revisions\/9140"}],"wp:attachment":[{"href":"https:\/\/ilmondodiadriano.it\/eng\/wp-json\/wp\/v2\/media?parent=8997"}],"curies":[{"name":"wp","href":"https:\/\/api.w.org\/{rel}","templated":true}]}}